{"id":8754,"date":"2016-03-14T14:33:38","date_gmt":"2016-03-14T14:33:38","guid":{"rendered":"http:\/\/brooklyn.fatmoon.kinsta.com\/?page_id=2"},"modified":"2025-01-09T16:01:05","modified_gmt":"2025-01-09T15:01:05","slug":"home","status":"publish","type":"page","link":"https:\/\/status.rimo-systems.com\/","title":{"rendered":"Home"},"content":{"rendered":"\t\t<div data-elementor-type=\"wp-post\" data-elementor-id=\"8754\" class=\"elementor elementor-8754\">\n\t\t\t\t\t\t<section class=\"elementor-section elementor-top-section elementor-element elementor-element-bcec401 elementor-section-stretched elementor-section-boxed elementor-section-height-default elementor-section-height-default\" data-id=\"bcec401\" data-element_type=\"section\" data-e-type=\"section\" id=\"home\" data-settings=\"{&quot;stretch_section&quot;:&quot;section-stretched&quot;,&quot;background_background&quot;:&quot;classic&quot;}\">\n\t\t\t\t\t\t<div class=\"elementor-container elementor-column-gap-default\">\n\t\t\t\t\t<div class=\"elementor-column elementor-col-100 elementor-top-column elementor-element elementor-element-0874f92\" data-id=\"0874f92\" data-element_type=\"column\" data-e-type=\"column\">\n\t\t\t<div class=\"elementor-widget-wrap elementor-element-populated\">\n\t\t\t\t\t\t<div class=\"elementor-element elementor-element-5cb43bc elementor-widget elementor-widget-heading\" data-id=\"5cb43bc\" data-element_type=\"widget\" data-e-type=\"widget\" data-widget_type=\"heading.default\">\n\t\t\t\t<div class=\"elementor-widget-container\">\n\t\t\t\t\t<h2 class=\"elementor-heading-title elementor-size-default\">RIMO STATUS PAGE<\/h2>\t\t\t\t<\/div>\n\t\t\t\t<\/div>\n\t\t\t\t\t<\/div>\n\t\t<\/div>\n\t\t\t\t\t<\/div>\n\t\t<\/section>\n\t\t<div class=\"elementor-element elementor-element-a7b8deb e-flex e-con-boxed e-con e-parent\" data-id=\"a7b8deb\" data-element_type=\"container\" data-e-type=\"container\" data-settings=\"{&quot;background_background&quot;:&quot;classic&quot;}\">\n\t\t\t\t\t<div class=\"e-con-inner\">\n\t\t\t\t<div class=\"elementor-element elementor-element-b17f564 elementor-widget elementor-widget-shortcode\" data-id=\"b17f564\" data-element_type=\"widget\" data-e-type=\"widget\" data-widget_type=\"shortcode.default\">\n\t\t\t\t<div class=\"elementor-widget-container\">\n\t\t\t\t\t\t\t<div class=\"elementor-shortcode\">        <div class=\"zabbix-status-container\">\n            <h2>Service Status<\/h2>\n\n                            <p class=\"status-all-systems\">All systems up & running<\/p>\n                    <\/div>\n                <style>\n            .zabbix-status-table {\n                width: 100%;\n                border-collapse: collapse;\n            }\n            .zabbix-status-table th, \n            .zabbix-status-table td {\n                border: 1px solid #ddd;\n                padding: 8px;\n                text-align: left;\n            }\n            .status-up { background-color: #dff0d8; color: #3c763d; }\n            .status-down { background-color: #f2dede; color: #a94442; }\n            .status-degraded { background-color: #fcf8e3; color: #8a6d3b; }\n            .status-all-systems {\n                background-color: #d4edda;\n                color: #155724;\n                padding: 10px;\n                border: 1px solid #c3e6cb;\n                border-radius: 5px;\n                text-align: center;\n            }\n        <\/style>\n        <\/div>\n\t\t\t\t\t\t<\/div>\n\t\t\t\t<\/div>\n\t\t\t\t<div class=\"elementor-element elementor-element-af12224 elementor-widget elementor-widget-text-editor\" data-id=\"af12224\" data-element_type=\"widget\" data-e-type=\"widget\" data-widget_type=\"text-editor.default\">\n\t\t\t\t<div class=\"elementor-widget-container\">\n\t\t\t\t\t\t\t\t\t<p>Liebe User,<\/p><p>wird ein Dienst als \u201eDOWN\u201c oder \u201eDEGRADED\u201c angezeigt, entschuldigen wir uns f\u00fcr die entstandenen Unannehmlichkeiten.<\/p><p>Befindet sich der betroffene Dienst in unserem Einflussbereich, sind wir um eine rasche Behebung bem\u00fcht. Handelt es sich jedoch um einen Dienst eines externen Anbieters, bitten wir um Verst\u00e4ndnis, dass unser Einfluss darauf eingeschr\u00e4nkt oder nicht vorhanden ist.<\/p><p>Sobald die betroffenen Dienste wieder verf\u00fcgbar sind, wird dies hier angezeigt.\u00a0<\/p><p>Um stets auf dem neuesten Stand zu bleiben, empfehlen wir, diese Seite regelm\u00e4\u00dfig zu aktualisieren.<\/p><p>Vielen Dank f\u00fcr euer Verst\u00e4ndnis!<\/p><p>&#8212;<\/p><p><em>Dear users,<\/em><\/p><p><em>if a service is displayed as \u201cDOWN\u201d or \u201cDEGRADED\u201d, we apologize for the inconvenience caused.<\/em><\/p><p><em>If the affected service is within our sphere of influence, we will endeavor to rectify the situation quickly. However, if it is a service from an external provider, we ask for your understanding that our influence is limited or non-existent.<\/em><\/p><p><em>As soon as the affected services are available again, it will be displayed here.<\/em><\/p><p><em>We therefore recommend to refresh this page regularly to ensure that you are always up to date.<\/em><\/p><p><em>Thank you for your understanding!<\/em><\/p>\t\t\t\t\t\t\t\t<\/div>\n\t\t\t\t<\/div>\n\t\t<div class=\"elementor-element elementor-element-d72d404 e-grid e-con-full e-con e-child\" data-id=\"d72d404\" data-element_type=\"container\" data-e-type=\"container\">\n\t\t\t\t<\/div>\n\t\t\t\t\t<\/div>\n\t\t\t\t<\/div>\n\t\t\t\t<\/div>\n\t\t","protected":false},"excerpt":{"rendered":"<p>RIMO STATUS PAGE Liebe User, wird ein Dienst als \u201eDOWN\u201c&hellip;<\/p>\n<p> <a class=\"more-link\" href=\"https:\/\/status.rimo-systems.com\/\">Read more<\/a><\/p>\n","protected":false},"author":1,"featured_media":1,"parent":0,"menu_order":0,"comment_status":"closed","ping_status":"closed","template":"","meta":{"footnotes":""},"class_list":["post-8754","page","type-page","status-publish","has-post-thumbnail"],"yoast_head":"<!-- This site is optimized with the Yoast SEO plugin v24.2 - https:\/\/yoast.com\/wordpress\/plugins\/seo\/ -->\n<title>Rimo Status Page - System status<\/title>\n<meta name=\"description\" content=\"\u2713 Current status of all Rimo systems \u2713 System health and possible outages at a glance\" \/>\n<meta name=\"robots\" content=\"index, follow, max-snippet:-1, max-image-preview:large, max-video-preview:-1\" \/>\n<link rel=\"canonical\" href=\"https:\/\/status.rimo-systems.com\/\" \/>\n<meta property=\"og:locale\" content=\"de_DE\" \/>\n<meta property=\"og:type\" content=\"article\" \/>\n<meta property=\"og:title\" content=\"Rimo Status Page - System status\" \/>\n<meta property=\"og:description\" content=\"\u2713 Current status of all Rimo systems \u2713 System health and possible outages at a glance\" \/>\n<meta property=\"og:url\" content=\"https:\/\/status.rimo-systems.com\/\" \/>\n<meta property=\"og:site_name\" content=\"Rimo Status Page - Aktuelle Systeminformationen\" \/>\n<meta property=\"article:modified_time\" content=\"2025-01-09T15:01:05+00:00\" \/>\n<meta name=\"twitter:card\" content=\"summary_large_image\" \/>\n<meta name=\"twitter:label1\" content=\"Gesch\u00e4tzte Lesezeit\" \/>\n\t<meta name=\"twitter:data1\" content=\"2 Minuten\" \/>\n<script type=\"application\/ld+json\" class=\"yoast-schema-graph\">{\"@context\":\"https:\/\/schema.org\",\"@graph\":[{\"@type\":\"WebPage\",\"@id\":\"https:\/\/status.rimo-systems.com\/\",\"url\":\"https:\/\/status.rimo-systems.com\/\",\"name\":\"Rimo Status Page - System status\",\"isPartOf\":{\"@id\":\"https:\/\/status.rimo-systems.com\/#website\"},\"primaryImageOfPage\":{\"@id\":\"https:\/\/status.rimo-systems.com\/#primaryimage\"},\"image\":{\"@id\":\"https:\/\/status.rimo-systems.com\/#primaryimage\"},\"thumbnailUrl\":\"\",\"datePublished\":\"2016-03-14T14:33:38+00:00\",\"dateModified\":\"2025-01-09T15:01:05+00:00\",\"description\":\"\u2713 Current status of all Rimo systems \u2713 System health and possible outages at a glance\",\"breadcrumb\":{\"@id\":\"https:\/\/status.rimo-systems.com\/#breadcrumb\"},\"inLanguage\":\"de-AT\",\"potentialAction\":[{\"@type\":\"ReadAction\",\"target\":[\"https:\/\/status.rimo-systems.com\/\"]}]},{\"@type\":\"ImageObject\",\"inLanguage\":\"de-AT\",\"@id\":\"https:\/\/status.rimo-systems.com\/#primaryimage\",\"url\":\"\",\"contentUrl\":\"\"},{\"@type\":\"BreadcrumbList\",\"@id\":\"https:\/\/status.rimo-systems.com\/#breadcrumb\",\"itemListElement\":[{\"@type\":\"ListItem\",\"position\":1,\"name\":\"Startseite\",\"item\":\"https:\/\/status.rimo-systems.com\/\"},{\"@type\":\"ListItem\",\"position\":2,\"name\":\"Home\"}]},{\"@type\":\"WebSite\",\"@id\":\"https:\/\/status.rimo-systems.com\/#website\",\"url\":\"https:\/\/status.rimo-systems.com\/\",\"name\":\"Rimo Status Page - Aktuelle Systeminformationen\",\"description\":\"\",\"potentialAction\":[{\"@type\":\"SearchAction\",\"target\":{\"@type\":\"EntryPoint\",\"urlTemplate\":\"https:\/\/status.rimo-systems.com\/?s={search_term_string}\"},\"query-input\":{\"@type\":\"PropertyValueSpecification\",\"valueRequired\":true,\"valueName\":\"search_term_string\"}}],\"inLanguage\":\"de-AT\"}]}<\/script>\n<!-- \/ Yoast SEO plugin. -->","yoast_head_json":{"title":"Rimo Status Page - System status","description":"\u2713 Current status of all Rimo systems \u2713 System health and possible outages at a glance","robots":{"index":"index","follow":"follow","max-snippet":"max-snippet:-1","max-image-preview":"max-image-preview:large","max-video-preview":"max-video-preview:-1"},"canonical":"https:\/\/status.rimo-systems.com\/","og_locale":"de_DE","og_type":"article","og_title":"Rimo Status Page - System status","og_description":"\u2713 Current status of all Rimo systems \u2713 System health and possible outages at a glance","og_url":"https:\/\/status.rimo-systems.com\/","og_site_name":"Rimo Status Page - Aktuelle Systeminformationen","article_modified_time":"2025-01-09T15:01:05+00:00","twitter_card":"summary_large_image","twitter_misc":{"Gesch\u00e4tzte Lesezeit":"2 Minuten"},"schema":{"@context":"https:\/\/schema.org","@graph":[{"@type":"WebPage","@id":"https:\/\/status.rimo-systems.com\/","url":"https:\/\/status.rimo-systems.com\/","name":"Rimo Status Page - System status","isPartOf":{"@id":"https:\/\/status.rimo-systems.com\/#website"},"primaryImageOfPage":{"@id":"https:\/\/status.rimo-systems.com\/#primaryimage"},"image":{"@id":"https:\/\/status.rimo-systems.com\/#primaryimage"},"thumbnailUrl":"","datePublished":"2016-03-14T14:33:38+00:00","dateModified":"2025-01-09T15:01:05+00:00","description":"\u2713 Current status of all Rimo systems \u2713 System health and possible outages at a glance","breadcrumb":{"@id":"https:\/\/status.rimo-systems.com\/#breadcrumb"},"inLanguage":"de-AT","potentialAction":[{"@type":"ReadAction","target":["https:\/\/status.rimo-systems.com\/"]}]},{"@type":"ImageObject","inLanguage":"de-AT","@id":"https:\/\/status.rimo-systems.com\/#primaryimage","url":"","contentUrl":""},{"@type":"BreadcrumbList","@id":"https:\/\/status.rimo-systems.com\/#breadcrumb","itemListElement":[{"@type":"ListItem","position":1,"name":"Startseite","item":"https:\/\/status.rimo-systems.com\/"},{"@type":"ListItem","position":2,"name":"Home"}]},{"@type":"WebSite","@id":"https:\/\/status.rimo-systems.com\/#website","url":"https:\/\/status.rimo-systems.com\/","name":"Rimo Status Page - Aktuelle Systeminformationen","description":"","potentialAction":[{"@type":"SearchAction","target":{"@type":"EntryPoint","urlTemplate":"https:\/\/status.rimo-systems.com\/?s={search_term_string}"},"query-input":{"@type":"PropertyValueSpecification","valueRequired":true,"valueName":"search_term_string"}}],"inLanguage":"de-AT"}]}},"_links":{"self":[{"href":"https:\/\/status.rimo-systems.com\/index.php?rest_route=\/wp\/v2\/pages\/8754","targetHints":{"allow":["GET"]}}],"collection":[{"href":"https:\/\/status.rimo-systems.com\/index.php?rest_route=\/wp\/v2\/pages"}],"about":[{"href":"https:\/\/status.rimo-systems.com\/index.php?rest_route=\/wp\/v2\/types\/page"}],"author":[{"embeddable":true,"href":"https:\/\/status.rimo-systems.com\/index.php?rest_route=\/wp\/v2\/users\/1"}],"replies":[{"embeddable":true,"href":"https:\/\/status.rimo-systems.com\/index.php?rest_route=%2Fwp%2Fv2%2Fcomments&post=8754"}],"version-history":[{"count":81,"href":"https:\/\/status.rimo-systems.com\/index.php?rest_route=\/wp\/v2\/pages\/8754\/revisions"}],"predecessor-version":[{"id":12280,"href":"https:\/\/status.rimo-systems.com\/index.php?rest_route=\/wp\/v2\/pages\/8754\/revisions\/12280"}],"wp:featuredmedia":[{"embeddable":true,"href":"https:\/\/status.rimo-systems.com\/index.php?rest_route=\/wp\/v2\/posts\/1"}],"wp:attachment":[{"href":"https:\/\/status.rimo-systems.com\/index.php?rest_route=%2Fwp%2Fv2%2Fmedia&parent=8754"}],"curies":[{"name":"wp","href":"https:\/\/api.w.org\/{rel}","templated":true}]}}